{"id":22,"date":"2019-09-15T15:06:32","date_gmt":"2019-09-15T15:06:32","guid":{"rendered":"http:\/\/bayreuther-turmuhren.de\/?page_id=22"},"modified":"2023-02-20T15:12:09","modified_gmt":"2023-02-20T15:12:09","slug":"impressum","status":"publish","type":"page","link":"https:\/\/bayreuther-turmuhren.de\/en\/impressum\/","title":{"rendered":"Imprint"},"content":{"rendered":"<div data-elementor-type=\"wp-page\" data-elementor-id=\"22\" class=\"elementor elementor-22\">\n\t\t\t\t\t\t<section class=\"elementor-section elementor-top-section elementor-element elementor-element-870a543 elementor-section-boxed elementor-section-height-default elementor-section-height-default\" data-id=\"870a543\" data-element_type=\"section\" data-e-type=\"section\">\n\t\t\t\t\t\t<div class=\"elementor-container elementor-column-gap-default\">\n\t\t\t\t\t<div class=\"elementor-column elementor-col-100 elementor-top-column elementor-element elementor-element-b597b63\" data-id=\"b597b63\" data-element_type=\"column\" data-e-type=\"column\">\n\t\t\t<div class=\"elementor-widget-wrap elementor-element-populated\">\n\t\t\t\t\t\t<div class=\"elementor-element elementor-element-81f696c elementor-widget elementor-widget-text-editor\" data-id=\"81f696c\" data-element_type=\"widget\" data-e-type=\"widget\" data-widget_type=\"text-editor.default\">\n\t\t\t\t<div class=\"elementor-widget-container\">\n\t\t\t\t\t\t\t\t\t<section><div><hr \/><div><div><h2><span style=\"text-decoration: underline;\"><a href=\"https:\/\/bayreuther-turmuhren.de\/wp-content\/uploads\/2019\/09\/IMG_2531-e1676902584854.jpg\"><img fetchpriority=\"high\" decoding=\"async\" class=\"alignright wp-image-101\" src=\"https:\/\/bayreuther-turmuhren.de\/wp-content\/uploads\/2019\/09\/IMG_2531-e1676902584854-225x300.jpg\" alt=\"\" width=\"280\" height=\"373\" srcset=\"https:\/\/bayreuther-turmuhren.de\/wp-content\/uploads\/2019\/09\/IMG_2531-e1676902584854-225x300.jpg 225w, https:\/\/bayreuther-turmuhren.de\/wp-content\/uploads\/2019\/09\/IMG_2531-e1676902584854-768x1024.jpg 768w, https:\/\/bayreuther-turmuhren.de\/wp-content\/uploads\/2019\/09\/IMG_2531-e1676902584854-9x12.jpg 9w, https:\/\/bayreuther-turmuhren.de\/wp-content\/uploads\/2019\/09\/IMG_2531-e1676902584854.jpg 1080w\" sizes=\"(max-width: 280px) 100vw, 280px\" \/><\/a>Impressum &#8211; Angaben gem\u00e4\u00df \u00a7 5 TMG<\/span><\/h2><p>Company Bayreuther Turmuhren\nOwner Thomas Hollering e.K.\nForststra\u00dfe 19\n95488 Eckersdorf\nCommercial Register Number: 1403\n\nContact\n\nPhone: +49 (0) 921\/20111\nE-mail: info@bayreuther-turmuhren.de\n\nDispute Resolution\n\nThe European Commission provides a platform for online dispute resolution (ODR): https:\/\/ec.europa.eu\/consumers\/odr. Our e-mail address can be found in the legal notice above. We are not willing or obliged to participate in dispute resolution proceedings before a consumer arbitration board.\n\nLiability for Content\n\nAs a service provider, we are responsible for our own content on these pages in accordance with \u00a7 7 paragraph 1 of the German Telemedia Act (TMG). According to \u00a7\u00a7 8 to 10 TMG, however, we are not obligated as a service provider to monitor transmitted or stored third-party information or to investigate circumstances that indicate illegal activity. Obligations to remove or block the use of information under general law remain unaffected by this. Liability in this regard is only possible from the time of knowledge of a concrete infringement. If we become aware of any such legal infringements, we will remove the content in question immediately.\n\nLiability for Links\n\nOur offer contains links to external websites of third parties, on whose contents we have no influence. Therefore, we cannot assume any liability for these external contents. The respective provider or operator of the linked pages is always responsible for the contents of the linked pages. The linked pages were checked for possible legal violations at the time of linking. Illegal content was not recognizable at the time of linking. However, a permanent control of the contents of the linked pages is not reasonable without concrete evidence of a violation of the law. If we become aware of any legal infringements, we will remove such links immediately.\n\nCopyright\n\nThe content and works created by the site operators on these pages are subject to German copyright law. The reproduction, editing, distribution, and any kind of exploitation outside the limits of copyright require the written consent of the respective author or creator. Downloads and copies of this site are only permitted for private, non-commercial use. Insofar as the content on this site was not created by the operator, the copyrights of third parties are respected. In particular, third-party content is identified as such. Should you nevertheless become aware of a copyright infringement, please inform us accordingly. If we become aware of any infringements, we will remove such content immediately.\n\nCookies\n\nThe website uses some so-called cookies. Cookies do not cause any damage to your computer and do not contain any viruses. Cookies are small text files that are stored on your computer and saved by your browser. They serve to make our offer more user-friendly, effective and secure. These and similar technologies are used for various purposes, e.g. to save your settings, for login and authentication, for interest-based advertising, for analysis and statistics.\n\nYou decide on the use of cookies\n\nYou can set your browser so that you are informed about the setting of cookies and only allow cookies in individual cases, exclude the acceptance of cookies for certain cases or in general, and activate the automatic deletion of cookies when the browser is closed. If cookies are deactivated, the functionality of this website may be limited. Further information on the topic can be found at https:\/\/www.verbraucher-sicher-online.de\/thema\/cookies\n\nLicenses for the Images Used\n\nIf not otherwise stated, all images are from private photography.\nCopyright 2020 | Bayreuther Turmuhren<\/p><\/div><div>Bayreuther Turmuhren Inh. Thomas Hollering e.K.<\/div><div>Forststra\u00dfe 19<\/div><div><p>95488 Eckersdorf<\/p><p>Handelsregisternummer: 1403<\/p><h2>\u00a0<\/h2><h2>Kontakt<\/h2><p>Telefon: +49 (0) 921\/20111<br \/>E-Mail: info@bayreuther-turmuhren.de<\/p><h2>\u00a0<\/h2><h2>Streitschlichtung<\/h2><p>Die Europ\u00e4ische Kommission stellt eine Plattform zur Online-Streitbeilegung (OS) bereit: <a href=\"https:\/\/ec.europa.eu\/consumers\/odr\" target=\"_blank\" rel=\"noopener noreferrer\">https:\/\/ec.europa.eu\/consumers\/odr<\/a>.<br \/>Unsere E-Mail-Adresse finden Sie oben im Impressum.<\/p><p>Wir sind nicht bereit oder verpflichtet, an Streitbeilegungsverfahren vor einer Verbraucherschlichtungsstelle teilzunehmen.<\/p><h3>\u00a0<\/h3><h3>Haftung f\u00fcr Inhalte<\/h3><p>Als Diensteanbieter sind wir gem\u00e4\u00df \u00a7 7 Abs.1 TMG f\u00fcr eigene Inhalte auf diesen Seiten nach den allgemeinen Gesetzen verantwortlich. Nach \u00a7\u00a7 8 bis 10 TMG sind wir als Diensteanbieter jedoch nicht verpflichtet, \u00fcbermittelte oder gespeicherte fremde Informationen zu \u00fcberwachen oder nach Umst\u00e4nden zu forschen, die auf eine rechtswidrige T\u00e4tigkeit hinweisen.<\/p><p>Verpflichtungen zur Entfernung oder Sperrung der Nutzung von Informationen nach den allgemeinen Gesetzen bleiben hiervon unber\u00fchrt. Eine diesbez\u00fcgliche Haftung ist jedoch erst ab dem Zeitpunkt der Kenntnis einer konkreten Rechtsverletzung m\u00f6glich. Bei Bekanntwerden von entsprechenden Rechtsverletzungen werden wir diese Inhalte umgehend entfernen.<\/p><h3>\u00a0<\/h3><h3>Haftung f\u00fcr Links<\/h3><p>Unser Angebot enth\u00e4lt Links zu externen Websites Dritter, auf deren Inhalte wir keinen Einfluss haben. Deshalb k\u00f6nnen wir f\u00fcr diese fremden Inhalte auch keine Gew\u00e4hr \u00fcbernehmen. F\u00fcr die Inhalte der verlinkten Seiten ist stets der jeweilige Anbieter oder Betreiber der Seiten verantwortlich. Die verlinkten Seiten wurden zum Zeitpunkt der Verlinkung auf m\u00f6gliche Rechtsverst\u00f6\u00dfe \u00fcberpr\u00fcft. Rechtswidrige Inhalte waren zum Zeitpunkt der Verlinkung nicht erkennbar.<\/p><p>Eine permanente inhaltliche Kontrolle der verlinkten Seiten ist jedoch ohne konkrete Anhaltspunkte einer Rechtsverletzung nicht zumutbar. Bei Bekanntwerden von Rechtsverletzungen werden wir derartige Links umgehend entfernen.<\/p><h3>\u00a0<\/h3><h3>Urheberrecht<\/h3><p>Die durch die Seitenbetreiber erstellten Inhalte und Werke auf diesen Seiten unterliegen dem deutschen Urheberrecht. Die Vervielf\u00e4ltigung, Bearbeitung, Verbreitung und jede Art der Verwertung au\u00dferhalb der Grenzen des Urheberrechtes bed\u00fcrfen der schriftlichen Zustimmung des jeweiligen Autors bzw. Erstellers. Downloads und Kopien dieser Seite sind nur f\u00fcr den privaten, nicht kommerziellen Gebrauch gestattet.<\/p><p>Soweit die Inhalte auf dieser Seite nicht vom Betreiber erstellt wurden, werden die Urheberrechte Dritter beachtet. Insbesondere werden Inhalte Dritter als solche gekennzeichnet. Sollten Sie trotzdem auf eine Urheberrechtsverletzung aufmerksam werden, bitten wir um einen entsprechenden Hinweis. Bei Bekanntwerden von Rechtsverletzungen werden wir derartige Inhalte umgehend entfernen.<\/p><h3>\u00a0<\/h3><h3>Cookies<\/h3><p>Die Internetseiten verwenden teilweise sogenannte Cookies. Cookies richten auf Ihrem Rechner keinen Schaden an und enthalten keine Viren. Cookies sind kleine Textdateien, die auf Ihrem Rechner abgelegt werden und die Ihr Browser speichert. Cookies dienen dazu, unser Angebot nutzerfreundlicher, effektiver und sicherer zu machen. Diese und \u00e4hnliche Technologien werden f\u00fcr verschiedene Zwecke eingesetzt, z.B. dem Speichern Ihrer Einstellungen, der Anmeldung und Authentifizierung, der interessenbezogenen Werbung, f\u00fcr Analysen und Statistiken.<\/p><h3>\u00a0<\/h3><h3>Sie entscheiden \u00fcber die Verwendung von Cookies<\/h3><p>Sie k\u00f6nnen Ihren Browser so einstellen, dass Sie \u00fcber das Setzen von Cookies informiert werden und Cookies nur im Einzelfall erlauben, die Annahme von Cookies f\u00fcr bestimmte F\u00e4lle oder generell ausschlie\u00dfen sowie das automatische L\u00f6schen der Cookies beim Schlie\u00dfen des Browser aktivieren.<br \/>Bei der Deaktivierung von Cookies kann die Funktionalit\u00e4t dieser Website eingeschr\u00e4nkt sein.<br \/>Weitere Informationen zum Thema finden Sie unter https:\/\/www.verbraucher-sicher-online.de\/thema\/cookies<\/p><h3>\u00a0<\/h3><h3>Lizenzen der verwendeten Bilder<\/h3><p>Wenn nicht anders angegeben, stammen alle Bilder aus privater Fotografie.<\/p><\/div><\/div><\/div><\/section>\t\t\t\t\t\t\t\t<\/div>\n\t\t\t\t<\/div>\n\t\t\t\t\t<\/div>\n\t\t<\/div>\n\t\t\t\t\t<\/div>\n\t\t<\/section>\n\t\t\t\t<\/div>","protected":false},"excerpt":{"rendered":"<p>Impressum &#8211; Angaben gem\u00e4\u00df \u00a7 5 TMG Firma Bayreuther Turmuhren Inhaber Thomas Hollering e.K.Forststra\u00dfe 19 95488 Eckersdorf Handelsregisternummer: 1403 \u00a0 Kontakt Telefon: +49 (0) 921\/20111E-Mail: info@bayreuther-turmuhren.de \u00a0 Streitschlichtung Die Europ\u00e4ische Kommission stellt eine Plattform zur Online-Streitbeilegung (OS) bereit: https:\/\/ec.europa.eu\/consumers\/odr.Unsere E-Mail-Adresse finden Sie oben im Impressum. Wir sind nicht bereit oder verpflichtet, an Streitbeilegungsverfahren vor einer [&hellip;]<\/p>\n","protected":false},"author":1,"featured_media":0,"parent":0,"menu_order":0,"comment_status":"closed","ping_status":"closed","template":"","meta":{"ocean_post_layout":"","ocean_both_sidebars_style":"","ocean_both_sidebars_content_width":0,"ocean_both_sidebars_sidebars_width":0,"ocean_sidebar":"0","ocean_second_sidebar":"0","ocean_disable_margins":"enable","ocean_add_body_class":"","ocean_shortcode_before_top_bar":"","ocean_shortcode_after_top_bar":"","ocean_shortcode_before_header":"","ocean_shortcode_after_header":"","ocean_has_shortcode":"","ocean_shortcode_after_title":"","ocean_shortcode_before_footer_widgets":"","ocean_shortcode_after_footer_widgets":"","ocean_shortcode_before_footer_bottom":"","ocean_shortcode_after_footer_bottom":"","ocean_display_top_bar":"default","ocean_display_header":"default","ocean_header_style":"","ocean_center_header_left_menu":"0","ocean_custom_header_template":"0","ocean_custom_logo":0,"ocean_custom_retina_logo":0,"ocean_custom_logo_max_width":0,"ocean_custom_logo_tablet_max_width":0,"ocean_custom_logo_mobile_max_width":0,"ocean_custom_logo_max_height":0,"ocean_custom_logo_tablet_max_height":0,"ocean_custom_logo_mobile_max_height":0,"ocean_header_custom_menu":"0","ocean_menu_typo_font_family":"0","ocean_menu_typo_font_subset":"","ocean_menu_typo_font_size":0,"ocean_menu_typo_font_size_tablet":0,"ocean_menu_typo_font_size_mobile":0,"ocean_menu_typo_font_size_unit":"px","ocean_menu_typo_font_weight":"","ocean_menu_typo_font_weight_tablet":"","ocean_menu_typo_font_weight_mobile":"","ocean_menu_typo_transform":"","ocean_menu_typo_transform_tablet":"","ocean_menu_typo_transform_mobile":"","ocean_menu_typo_line_height":0,"ocean_menu_typo_line_height_tablet":0,"ocean_menu_typo_line_height_mobile":0,"ocean_menu_typo_line_height_unit":"","ocean_menu_typo_spacing":0,"ocean_menu_typo_spacing_tablet":0,"ocean_menu_typo_spacing_mobile":0,"ocean_menu_typo_spacing_unit":"","ocean_menu_link_color":"","ocean_menu_link_color_hover":"","ocean_menu_link_color_active":"","ocean_menu_link_background":"","ocean_menu_link_hover_background":"","ocean_menu_link_active_background":"","ocean_menu_social_links_bg":"","ocean_menu_social_hover_links_bg":"","ocean_menu_social_links_color":"","ocean_menu_social_hover_links_color":"","ocean_disable_title":"default","ocean_disable_heading":"default","ocean_post_title":"","ocean_post_subheading":"","ocean_post_title_style":"","ocean_post_title_background_color":"","ocean_post_title_background":0,"ocean_post_title_bg_image_position":"","ocean_post_title_bg_image_attachment":"","ocean_post_title_bg_image_repeat":"","ocean_post_title_bg_image_size":"","ocean_post_title_height":0,"ocean_post_title_bg_overlay":0.5,"ocean_post_title_bg_overlay_color":"","ocean_disable_breadcrumbs":"default","ocean_breadcrumbs_color":"","ocean_breadcrumbs_separator_color":"","ocean_breadcrumbs_links_color":"","ocean_breadcrumbs_links_hover_color":"","ocean_display_footer_widgets":"default","ocean_display_footer_bottom":"default","ocean_custom_footer_template":"0","footnotes":""},"class_list":["post-22","page","type-page","status-publish","hentry","entry"],"_links":{"self":[{"href":"https:\/\/bayreuther-turmuhren.de\/en\/wp-json\/wp\/v2\/pages\/22","targetHints":{"allow":["GET"]}}],"collection":[{"href":"https:\/\/bayreuther-turmuhren.de\/en\/wp-json\/wp\/v2\/pages"}],"about":[{"href":"https:\/\/bayreuther-turmuhren.de\/en\/wp-json\/wp\/v2\/types\/page"}],"author":[{"embeddable":true,"href":"https:\/\/bayreuther-turmuhren.de\/en\/wp-json\/wp\/v2\/users\/1"}],"replies":[{"embeddable":true,"href":"https:\/\/bayreuther-turmuhren.de\/en\/wp-json\/wp\/v2\/comments?post=22"}],"version-history":[{"count":0,"href":"https:\/\/bayreuther-turmuhren.de\/en\/wp-json\/wp\/v2\/pages\/22\/revisions"}],"wp:attachment":[{"href":"https:\/\/bayreuther-turmuhren.de\/en\/wp-json\/wp\/v2\/media?parent=22"}],"curies":[{"name":"wp","href":"https:\/\/api.w.org\/{rel}","templated":true}]}}